{"id":242,"date":"2021-11-12T18:22:53","date_gmt":"2021-11-12T21:22:53","guid":{"rendered":"https:\/\/anaotani.com.br\/?page_id=242"},"modified":"2021-11-12T20:31:05","modified_gmt":"2021-11-12T23:31:05","slug":"obrigado","status":"publish","type":"page","link":"https:\/\/anaotani.com.br\/index.php\/obrigado\/","title":{"rendered":"obrigado"},"content":{"rendered":"\t\t<div data-elementor-type=\"wp-page\" data-elementor-id=\"242\" class=\"elementor elementor-242\">\n\t\t\t\t\t\t<section class=\"elementor-section elementor-top-section elementor-element elementor-element-54cc7ca elementor-section-boxed elementor-section-height-default elementor-section-height-default\" data-id=\"54cc7ca\" data-element_type=\"section\" data-settings=\"{&quot;background_background&quot;:&quot;classic&quot;,&quot;shape_divider_bottom&quot;:&quot;curve&quot;,&quot;shape_divider_bottom_negative&quot;:&quot;yes&quot;}\">\n\t\t\t\t\t<div class=\"elementor-shape elementor-shape-bottom\" data-negative=\"true\">\n\t\t\t<svg xmlns=\"http:\/\/www.w3.org\/2000\/svg\" viewBox=\"0 0 1000 100\" preserveAspectRatio=\"none\">\n\t<path class=\"elementor-shape-fill\" d=\"M500,97C126.7,96.3,0.8,19.8,0,0v100l1000,0V1C1000,19.4,873.3,97.8,500,97z\"\/>\n<\/svg>\t\t<\/div>\n\t\t\t\t\t<div class=\"elementor-container elementor-column-gap-default\">\n\t\t\t\t\t<div class=\"elementor-column elementor-col-100 elementor-top-column elementor-element elementor-element-49fde291\" data-id=\"49fde291\" data-element_type=\"column\">\n\t\t\t<div class=\"elementor-widget-wrap elementor-element-populated\">\n\t\t\t\t\t\t<div class=\"elementor-element elementor-element-5aa09284 elementor-widget elementor-widget-image\" data-id=\"5aa09284\" data-element_type=\"widget\" data-widget_type=\"image.default\">\n\t\t\t\t<div class=\"elementor-widget-container\">\n\t\t\t\t\t\t\t\t\t\t\t\t\t<img decoding=\"async\" width=\"300\" height=\"71\" src=\"https:\/\/anaotani.com.br\/wp-content\/uploads\/2021\/11\/Ana-Otani-Para-Homens-Branca-300x71.png\" class=\"attachment-medium size-medium wp-image-250\" alt=\"\" srcset=\"https:\/\/anaotani.com.br\/wp-content\/uploads\/2021\/11\/Ana-Otani-Para-Homens-Branca-300x71.png 300w, https:\/\/anaotani.com.br\/wp-content\/uploads\/2021\/11\/Ana-Otani-Para-Homens-Branca-1024x243.png 1024w, https:\/\/anaotani.com.br\/wp-content\/uploads\/2021\/11\/Ana-Otani-Para-Homens-Branca-768x182.png 768w, https:\/\/anaotani.com.br\/wp-content\/uploads\/2021\/11\/Ana-Otani-Para-Homens-Branca-1536x364.png 1536w, https:\/\/anaotani.com.br\/wp-content\/uploads\/2021\/11\/Ana-Otani-Para-Homens-Branca-2048x486.png 2048w, https:\/\/anaotani.com.br\/wp-content\/uploads\/2021\/11\/Ana-Otani-Para-Homens-Branca-1568x372.png 1568w\" sizes=\"(max-width: 300px) 100vw, 300px\" style=\"width:100%;height:23.72%;max-width:4725px\" \/>\t\t\t\t\t\t\t\t\t\t\t\t\t<\/div>\n\t\t\t\t<\/div>\n\t\t\t\t<div class=\"elementor-element elementor-element-6f91961b elementor-widget elementor-widget-heading\" data-id=\"6f91961b\" data-element_type=\"widget\" data-widget_type=\"heading.default\">\n\t\t\t\t<div class=\"elementor-widget-container\">\n\t\t\t<p class=\"elementor-heading-title elementor-size-default\">O seu cadastro foi feito com sucesso...<\/p>\t\t<\/div>\n\t\t\t\t<\/div>\n\t\t\t\t<div class=\"elementor-element elementor-element-1f9b6397 elementor-widget elementor-widget-heading\" data-id=\"1f9b6397\" data-element_type=\"widget\" data-widget_type=\"heading.default\">\n\t\t\t\t<div class=\"elementor-widget-container\">\n\t\t\t<p class=\"elementor-heading-title elementor-size-default\">Em alguns minutos voc\u00ea vai receber um email de confirma\u00e7\u00e3o. \n<b><i>Mas antes, entre no nosso grupo exclusivo no Telegram para n\u00e3o perder nenhuma informa\u00e7\u00e3o.<\/i><\/b><\/p>\t\t<\/div>\n\t\t\t\t<\/div>\n\t\t\t\t<div class=\"elementor-element elementor-element-16ae3264 elementor-widget elementor-widget-video\" data-id=\"16ae3264\" data-element_type=\"widget\" data-settings=\"{&quot;youtube_url&quot;:&quot;https:\\\/\\\/youtu.be\\\/-L16oc780LU&quot;,&quot;image_overlay&quot;:{&quot;url&quot;:&quot;&quot;,&quot;id&quot;:&quot;&quot;,&quot;size&quot;:&quot;&quot;},&quot;show_image_overlay&quot;:&quot;yes&quot;,&quot;autoplay&quot;:&quot;yes&quot;,&quot;video_type&quot;:&quot;youtube&quot;,&quot;controls&quot;:&quot;yes&quot;}\" data-widget_type=\"video.default\">\n\t\t\t\t<div class=\"elementor-widget-container\">\n\t\t\t\t\t<div class=\"elementor-wrapper elementor-open-inline\">\n\t\t\t<div class=\"elementor-video\"><\/div>\t\t<\/div>\n\t\t\t\t<\/div>\n\t\t\t\t<\/div>\n\t\t\t\t\t<\/div>\n\t\t<\/div>\n\t\t\t\t\t<\/div>\n\t\t<\/section>\n\t\t\t\t<section class=\"elementor-section elementor-top-section elementor-element elementor-element-4d72e1ec elementor-section-boxed elementor-section-height-default elementor-section-height-default\" data-id=\"4d72e1ec\" data-element_type=\"section\" data-settings=\"{&quot;background_background&quot;:&quot;classic&quot;}\">\n\t\t\t\t\t\t<div class=\"elementor-container elementor-column-gap-default\">\n\t\t\t\t\t<div class=\"elementor-column elementor-col-100 elementor-top-column elementor-element elementor-element-22105bee\" data-id=\"22105bee\" data-element_type=\"column\">\n\t\t\t<div class=\"elementor-widget-wrap\">\n\t\t\t\t\t\t\t<\/div>\n\t\t<\/div>\n\t\t\t\t\t<\/div>\n\t\t<\/section>\n\t\t\t\t<section class=\"elementor-section elementor-top-section elementor-element elementor-element-57534757 elementor-section-boxed elementor-section-height-default elementor-section-height-default\" data-id=\"57534757\" data-element_type=\"section\" data-settings=\"{&quot;background_background&quot;:&quot;classic&quot;}\">\n\t\t\t\t\t\t<div class=\"elementor-container elementor-column-gap-default\">\n\t\t\t\t\t<div class=\"elementor-column elementor-col-100 elementor-top-column elementor-element elementor-element-13ddc229\" data-id=\"13ddc229\" data-element_type=\"column\">\n\t\t\t<div class=\"elementor-widget-wrap elementor-element-populated\">\n\t\t\t\t\t\t<div class=\"elementor-element elementor-element-493dd9aa elementor-align-center elementor-mobile-align-center elementor-widget elementor-widget-button\" data-id=\"493dd9aa\" data-element_type=\"widget\" id=\"total\" data-widget_type=\"button.default\">\n\t\t\t\t<div class=\"elementor-widget-container\">\n\t\t\t\t\t<div class=\"elementor-button-wrapper\">\n\t\t\t<a class=\"elementor-button elementor-button-link elementor-size-sm elementor-animation-grow\" href=\"https:\/\/t.me\/joinchat\/jzCfvE3MwUAzOTAx\">\n\t\t\t\t\t\t<span class=\"elementor-button-content-wrapper\">\n\t\t\t\t\t\t<span class=\"elementor-button-text\">quero entrar no grupo do Telegram<\/span>\n\t\t<\/span>\n\t\t\t\t\t<\/a>\n\t\t<\/div>\n\t\t\t\t<\/div>\n\t\t\t\t<\/div>\n\t\t\t\t<div class=\"elementor-element elementor-element-3362f7a2 elementor-widget elementor-widget-heading\" data-id=\"3362f7a2\" data-element_type=\"widget\" data-widget_type=\"heading.default\">\n\t\t\t\t<div class=\"elementor-widget-container\">\n\t\t\t<p class=\"elementor-heading-title elementor-size-default\"><b>ATEN\u00c7\u00c3O! <\/b><i>As informa\u00e7\u00f5es estar\u00e3o sendo enviadas para l\u00e1, <b>ent\u00e3o entre o mais r\u00e1pido poss\u00edvel para n\u00e3o perder nehuma informa\u00e7\u00e3o.<\/b><\/i><b><\/b><\/p>\t\t<\/div>\n\t\t\t\t<\/div>\n\t\t\t\t\t<\/div>\n\t\t<\/div>\n\t\t\t\t\t<\/div>\n\t\t<\/section>\n\t\t\t\t<section class=\"elementor-section elementor-top-section elementor-element elementor-element-1e49e4fe elementor-section-boxed elementor-section-height-default elementor-section-height-default\" data-id=\"1e49e4fe\" data-element_type=\"section\" data-settings=\"{&quot;background_background&quot;:&quot;classic&quot;}\">\n\t\t\t\t\t\t<div class=\"elementor-container elementor-column-gap-default\">\n\t\t\t\t\t<div class=\"elementor-column elementor-col-100 elementor-top-column elementor-element elementor-element-df6f13f\" data-id=\"df6f13f\" data-element_type=\"column\">\n\t\t\t<div class=\"elementor-widget-wrap elementor-element-populated\">\n\t\t\t\t\t\t<div class=\"elementor-element elementor-element-afe1898 elementor-widget elementor-widget-image\" data-id=\"afe1898\" data-element_type=\"widget\" data-widget_type=\"image.default\">\n\t\t\t\t<div class=\"elementor-widget-container\">\n\t\t\t\t\t\t\t\t\t\t\t\t\t<img decoding=\"async\" width=\"300\" height=\"71\" src=\"https:\/\/anaotani.com.br\/wp-content\/uploads\/2021\/11\/Ana-Otani-Para-Homens-Branca-300x71.png\" class=\"attachment-medium size-medium wp-image-250\" alt=\"\" srcset=\"https:\/\/anaotani.com.br\/wp-content\/uploads\/2021\/11\/Ana-Otani-Para-Homens-Branca-300x71.png 300w, https:\/\/anaotani.com.br\/wp-content\/uploads\/2021\/11\/Ana-Otani-Para-Homens-Branca-1024x243.png 1024w, https:\/\/anaotani.com.br\/wp-content\/uploads\/2021\/11\/Ana-Otani-Para-Homens-Branca-768x182.png 768w, https:\/\/anaotani.com.br\/wp-content\/uploads\/2021\/11\/Ana-Otani-Para-Homens-Branca-1536x364.png 1536w, https:\/\/anaotani.com.br\/wp-content\/uploads\/2021\/11\/Ana-Otani-Para-Homens-Branca-2048x486.png 2048w, https:\/\/anaotani.com.br\/wp-content\/uploads\/2021\/11\/Ana-Otani-Para-Homens-Branca-1568x372.png 1568w\" sizes=\"(max-width: 300px) 100vw, 300px\" style=\"width:100%;height:23.72%;max-width:4725px\" \/>\t\t\t\t\t\t\t\t\t\t\t\t\t<\/div>\n\t\t\t\t<\/div>\n\t\t\t\t<div class=\"elementor-element elementor-element-5f17906 elementor-widget elementor-widget-heading\" data-id=\"5f17906\" data-element_type=\"widget\" data-widget_type=\"heading.default\">\n\t\t\t\t<div class=\"elementor-widget-container\">\n\t\t\t<p class=\"elementor-heading-title elementor-size-default\">Nenhum Homem Ser\u00e1 Deixado Para Tr\u00e1s.<\/p>\t\t<\/div>\n\t\t\t\t<\/div>\n\t\t\t\t<div class=\"elementor-element elementor-element-72a11c3e elementor-widget elementor-widget-heading\" data-id=\"72a11c3e\" data-element_type=\"widget\" data-widget_type=\"heading.default\">\n\t\t\t\t<div class=\"elementor-widget-container\">\n\t\t\t<p class=\"elementor-heading-title elementor-size-default\">Todos os direitos reservados - Ana Otani<\/p>\t\t<\/div>\n\t\t\t\t<\/div>\n\t\t\t\t\t<\/div>\n\t\t<\/div>\n\t\t\t\t\t<\/div>\n\t\t<\/section>\n\t\t\t\t<\/div>\n\t\t","protected":false},"excerpt":{"rendered":"<p>O seu cadastro foi feito com sucesso&#8230; Em alguns minutos voc\u00ea vai receber um email de confirma\u00e7\u00e3o. Mas antes, entre no nosso grupo exclusivo no Telegram para n\u00e3o perder nenhuma informa\u00e7\u00e3o. quero entrar no grupo do Telegram ATEN\u00c7\u00c3O! As informa\u00e7\u00f5es estar\u00e3o sendo enviadas para l\u00e1, ent\u00e3o entre o mais r\u00e1pido poss\u00edvel para n\u00e3o perder nehuma&hellip; <a class=\"more-link\" href=\"https:\/\/anaotani.com.br\/index.php\/obrigado\/\">Continue reading <span class=\"screen-reader-text\">obrigado<\/span><\/a><\/p>\n","protected":false},"author":1,"featured_media":0,"parent":0,"menu_order":0,"comment_status":"closed","ping_status":"closed","template":"elementor_canvas","meta":{"_monsterinsights_skip_tracking":false,"_monsterinsights_sitenote_active":false,"_monsterinsights_sitenote_note":"","_monsterinsights_sitenote_category":0,"footnotes":""},"class_list":["post-242","page","type-page","status-publish","hentry","entry"],"aioseo_notices":[],"_links":{"self":[{"href":"https:\/\/anaotani.com.br\/index.php\/wp-json\/wp\/v2\/pages\/242","targetHints":{"allow":["GET"]}}],"collection":[{"href":"https:\/\/anaotani.com.br\/index.php\/wp-json\/wp\/v2\/pages"}],"about":[{"href":"https:\/\/anaotani.com.br\/index.php\/wp-json\/wp\/v2\/types\/page"}],"author":[{"embeddable":true,"href":"https:\/\/anaotani.com.br\/index.php\/wp-json\/wp\/v2\/users\/1"}],"replies":[{"embeddable":true,"href":"https:\/\/anaotani.com.br\/index.php\/wp-json\/wp\/v2\/comments?post=242"}],"version-history":[{"count":16,"href":"https:\/\/anaotani.com.br\/index.php\/wp-json\/wp\/v2\/pages\/242\/revisions"}],"predecessor-version":[{"id":288,"href":"https:\/\/anaotani.com.br\/index.php\/wp-json\/wp\/v2\/pages\/242\/revisions\/288"}],"wp:attachment":[{"href":"https:\/\/anaotani.com.br\/index.php\/wp-json\/wp\/v2\/media?parent=242"}],"curies":[{"name":"wp","href":"https:\/\/api.w.org\/{rel}","templated":true}]}}