{"id":476,"date":"2022-01-19T18:36:32","date_gmt":"2022-01-19T21:36:32","guid":{"rendered":"https:\/\/anaotani.com.br\/?page_id=476"},"modified":"2022-08-24T17:07:21","modified_gmt":"2022-08-24T20:07:21","slug":"mentoria-ana","status":"publish","type":"page","link":"https:\/\/anaotani.com.br\/index.php\/mentoria-ana\/","title":{"rendered":"Mentoria"},"content":{"rendered":"\t\t<div data-elementor-type=\"wp-page\" data-elementor-id=\"476\" class=\"elementor elementor-476\">\n\t\t\t\t\t\t<section class=\"elementor-section elementor-top-section elementor-element elementor-element-324d1caf elementor-section-height-min-height elementor-section-items-top elementor-section-boxed elementor-section-height-default\" data-id=\"324d1caf\" data-element_type=\"section\" data-settings=\"{&quot;background_background&quot;:&quot;classic&quot;}\">\n\t\t\t\t\t\t\t<div class=\"elementor-background-overlay\"><\/div>\n\t\t\t\t\t\t\t<div class=\"elementor-container elementor-column-gap-default\">\n\t\t\t\t\t<div class=\"elementor-column elementor-col-50 elementor-top-column elementor-element elementor-element-1d48f6c\" data-id=\"1d48f6c\" data-element_type=\"column\">\n\t\t\t<div class=\"elementor-widget-wrap elementor-element-populated\">\n\t\t\t\t\t\t<div class=\"elementor-element elementor-element-687e562b elementor-widget elementor-widget-image\" data-id=\"687e562b\" data-element_type=\"widget\" data-widget_type=\"image.default\">\n\t\t\t\t<div class=\"elementor-widget-container\">\n\t\t\t\t\t\t\t\t\t\t\t\t\t<img fetchpriority=\"high\" decoding=\"async\" width=\"750\" height=\"268\" src=\"https:\/\/anaotani.com.br\/wp-content\/uploads\/2021\/11\/Mentoria-Ana-Otani-2-1024x366.png\" class=\"attachment-large size-large wp-image-321\" alt=\"\" srcset=\"https:\/\/anaotani.com.br\/wp-content\/uploads\/2021\/11\/Mentoria-Ana-Otani-2-1024x366.png 1024w, https:\/\/anaotani.com.br\/wp-content\/uploads\/2021\/11\/Mentoria-Ana-Otani-2-300x107.png 300w, https:\/\/anaotani.com.br\/wp-content\/uploads\/2021\/11\/Mentoria-Ana-Otani-2-768x275.png 768w, https:\/\/anaotani.com.br\/wp-content\/uploads\/2021\/11\/Mentoria-Ana-Otani-2-1536x550.png 1536w, https:\/\/anaotani.com.br\/wp-content\/uploads\/2021\/11\/Mentoria-Ana-Otani-2-2048x733.png 2048w, https:\/\/anaotani.com.br\/wp-content\/uploads\/2021\/11\/Mentoria-Ana-Otani-2-1568x561.png 1568w\" sizes=\"(max-width: 750px) 100vw, 750px\" style=\"width:100%;height:35.79%;max-width:4725px\" \/>\t\t\t\t\t\t\t\t\t\t\t\t\t<\/div>\n\t\t\t\t<\/div>\n\t\t\t\t\t<\/div>\n\t\t<\/div>\n\t\t\t\t<div class=\"elementor-column elementor-col-50 elementor-top-column elementor-element elementor-element-291ea181\" data-id=\"291ea181\" data-element_type=\"column\">\n\t\t\t<div class=\"elementor-widget-wrap\">\n\t\t\t\t\t\t\t<\/div>\n\t\t<\/div>\n\t\t\t\t\t<\/div>\n\t\t<\/section>\n\t\t\t\t<section class=\"elementor-section elementor-top-section elementor-element elementor-element-153dd48e elementor-section-boxed elementor-section-height-default elementor-section-height-default\" data-id=\"153dd48e\" data-element_type=\"section\" data-settings=\"{&quot;background_background&quot;:&quot;classic&quot;}\">\n\t\t\t\t\t\t<div class=\"elementor-container elementor-column-gap-default\">\n\t\t\t\t\t<div class=\"elementor-column elementor-col-100 elementor-top-column elementor-element elementor-element-5fc5687e\" data-id=\"5fc5687e\" data-element_type=\"column\">\n\t\t\t<div class=\"elementor-widget-wrap elementor-element-populated\">\n\t\t\t\t\t\t<div class=\"elementor-element elementor-element-8888ef4 elementor-align-center elementor-widget elementor-widget-button\" data-id=\"8888ef4\" data-element_type=\"widget\" data-widget_type=\"button.default\">\n\t\t\t\t<div class=\"elementor-widget-container\">\n\t\t\t\t\t<div class=\"elementor-button-wrapper\">\n\t\t\t<a class=\"elementor-button elementor-button-link elementor-size-sm elementor-animation-pulse\" href=\"https:\/\/assine.anaotani.com.br\/checkout\/dadospessoais\/jtFlyWQUCUzNbrWLnFU+cg==\" target=\"_blank\">\n\t\t\t\t\t\t<span class=\"elementor-button-content-wrapper\">\n\t\t\t\t\t\t<span class=\"elementor-button-text\">Quero assinar a Mentoria Ana Otani<\/span>\n\t\t<\/span>\n\t\t\t\t\t<\/a>\n\t\t<\/div>\n\t\t\t\t<\/div>\n\t\t\t\t<\/div>\n\t\t\t\t\t<\/div>\n\t\t<\/div>\n\t\t\t\t\t<\/div>\n\t\t<\/section>\n\t\t\t\t<section class=\"elementor-section elementor-top-section elementor-element elementor-element-47118eb3 elementor-section-content-middle elementor-section-boxed elementor-section-height-default elementor-section-height-default\" data-id=\"47118eb3\" data-element_type=\"section\" data-settings=\"{&quot;background_background&quot;:&quot;classic&quot;}\">\n\t\t\t\t\t\t<div class=\"elementor-container elementor-column-gap-default\">\n\t\t\t\t\t<div class=\"elementor-column elementor-col-50 elementor-top-column elementor-element elementor-element-2e5c8d64\" data-id=\"2e5c8d64\" data-element_type=\"column\">\n\t\t\t<div class=\"elementor-widget-wrap elementor-element-populated\">\n\t\t\t\t\t\t<div class=\"elementor-element elementor-element-1f877b0 elementor-widget elementor-widget-text-editor\" data-id=\"1f877b0\" data-element_type=\"widget\" data-widget_type=\"text-editor.default\">\n\t\t\t\t<div class=\"elementor-widget-container\">\n\t\t\t\t\t\t\t<p>Oi amor!!<\/p><p>\u00a0<\/p><p>Na mentoria voc\u00ea ter\u00e1 um grupo de Whatsapp para tirar v\u00e1rias d\u00favidas em rela\u00e7\u00e3o a TUDO a qualquer momento!\u00a0<\/p><p>\u00a0<\/p><p>Veja a lista completa das v\u00eddeoaulas:<\/p><ul><li>Estrat\u00e9gia de marketing<\/li><li>Posicionamento nas redes<\/li><li>Como atrair cliente rico<\/li><li>Como produzir conte\u00fado de qualidade<\/li><li>Dicas de fotos e refer\u00eancias f\u00e1ceis de aplicar no seu pr\u00f3prio ensaio<\/li><li>Autoconhecimento para atrair autoconfian\u00e7a<\/li><li>Estrat\u00e9gia de venda (estrat\u00e9gias minhas, que voc\u00ea j\u00e1 pode usar agora mesmo e recuperar o investimento da mentoria)<\/li><\/ul><p>\u00a0<\/p><p>Al\u00e9m disso, voc\u00ea ter\u00e1 1h de videoconfer\u00eancia com a Ana Otani para alinhar seu projeto:<\/p><ul><li>Conhecendo voc\u00ea<\/li><li>Entendendo seus limites<\/li><li>Entendendo seu objetivo<\/li><li>Desenhando a estrat\u00e9gia para atingir o objetivo<\/li><\/ul><p>\u00a0<\/p><p>Fora tudo isso algumas alunas ser\u00e3o convidadas para minha casa, viagens ou eventos, eu avalio o perfil e vejo quem se encaixa melhor em cada evento<\/p>\t\t\t\t\t\t<\/div>\n\t\t\t\t<\/div>\n\t\t\t\t\t<\/div>\n\t\t<\/div>\n\t\t\t\t<div class=\"elementor-column elementor-col-50 elementor-top-column elementor-element elementor-element-548c5cc3\" data-id=\"548c5cc3\" data-element_type=\"column\">\n\t\t\t<div class=\"elementor-widget-wrap elementor-element-populated\">\n\t\t\t\t\t\t<div class=\"elementor-element elementor-element-2a8ed076 elementor-widget elementor-widget-image\" data-id=\"2a8ed076\" data-element_type=\"widget\" data-widget_type=\"image.default\">\n\t\t\t\t<div class=\"elementor-widget-container\">\n\t\t\t\t\t\t\t\t\t\t\t\t\t<img decoding=\"async\" width=\"400\" height=\"600\" src=\"https:\/\/anaotani.com.br\/wp-content\/uploads\/2021\/11\/Peq79.jpg\" class=\"attachment-large size-large wp-image-340\" alt=\"\" srcset=\"https:\/\/anaotani.com.br\/wp-content\/uploads\/2021\/11\/Peq79.jpg 400w, https:\/\/anaotani.com.br\/wp-content\/uploads\/2021\/11\/Peq79-200x300.jpg 200w\" sizes=\"(max-width: 400px) 100vw, 400px\" style=\"width:100%;height:150%;max-width:400px\" \/>\t\t\t\t\t\t\t\t\t\t\t\t\t<\/div>\n\t\t\t\t<\/div>\n\t\t\t\t\t<\/div>\n\t\t<\/div>\n\t\t\t\t\t<\/div>\n\t\t<\/section>\n\t\t\t\t<section class=\"elementor-section elementor-top-section elementor-element elementor-element-6a0bc83 elementor-section-content-middle elementor-section-boxed elementor-section-height-default elementor-section-height-default\" data-id=\"6a0bc83\" data-element_type=\"section\" data-settings=\"{&quot;background_background&quot;:&quot;classic&quot;}\">\n\t\t\t\t\t\t<div class=\"elementor-container elementor-column-gap-default\">\n\t\t\t\t\t<div class=\"elementor-column elementor-col-50 elementor-top-column elementor-element elementor-element-7928f79f\" data-id=\"7928f79f\" data-element_type=\"column\">\n\t\t\t<div class=\"elementor-widget-wrap elementor-element-populated\">\n\t\t\t\t\t\t<div class=\"elementor-element elementor-element-4200416a elementor-widget elementor-widget-heading\" data-id=\"4200416a\" data-element_type=\"widget\" data-widget_type=\"heading.default\">\n\t\t\t\t<div class=\"elementor-widget-container\">\n\t\t\t<h1 class=\"elementor-heading-title elementor-size-default\">R$ 100,00<\/h1>\t\t<\/div>\n\t\t\t\t<\/div>\n\t\t\t\t\t<\/div>\n\t\t<\/div>\n\t\t\t\t<div class=\"elementor-column elementor-col-50 elementor-top-column elementor-element elementor-element-96d5907\" data-id=\"96d5907\" data-element_type=\"column\">\n\t\t\t<div class=\"elementor-widget-wrap elementor-element-populated\">\n\t\t\t\t\t\t<div class=\"elementor-element elementor-element-44f34675 elementor-widget elementor-widget-heading\" data-id=\"44f34675\" data-element_type=\"widget\" data-widget_type=\"heading.default\">\n\t\t\t\t<div class=\"elementor-widget-container\">\n\t\t\t<h3 class=\"elementor-heading-title elementor-size-default\">O valor da Mentoria \u00e9 <b>R$599,99<\/b> <br>Mas nesse pr\u00e9-lan\u00e7amento voc\u00ea ter\u00e1 um desconto de <b>R$499,99<\/b><\/h3>\t\t<\/div>\n\t\t\t\t<\/div>\n\t\t\t\t\t<\/div>\n\t\t<\/div>\n\t\t\t\t\t<\/div>\n\t\t<\/section>\n\t\t\t\t<section class=\"elementor-section elementor-top-section elementor-element elementor-element-4cade32e elementor-section-boxed elementor-section-height-default elementor-section-height-default\" data-id=\"4cade32e\" data-element_type=\"section\" data-settings=\"{&quot;background_background&quot;:&quot;classic&quot;}\">\n\t\t\t\t\t\t<div class=\"elementor-container elementor-column-gap-default\">\n\t\t\t\t\t<div class=\"elementor-column elementor-col-100 elementor-top-column elementor-element elementor-element-4f6fdc78\" data-id=\"4f6fdc78\" data-element_type=\"column\">\n\t\t\t<div class=\"elementor-widget-wrap elementor-element-populated\">\n\t\t\t\t\t\t<div class=\"elementor-element elementor-element-494e9de3 elementor-align-center elementor-widget elementor-widget-button\" data-id=\"494e9de3\" data-element_type=\"widget\" data-widget_type=\"button.default\">\n\t\t\t\t<div class=\"elementor-widget-container\">\n\t\t\t\t\t<div class=\"elementor-button-wrapper\">\n\t\t\t<a class=\"elementor-button elementor-button-link elementor-size-sm elementor-animation-pulse\" href=\"https:\/\/assine.anaotani.com.br\/checkout\/dadospessoais\/jtFlyWQUCUzNbrWLnFU+cg==\" target=\"_blank\">\n\t\t\t\t\t\t<span class=\"elementor-button-content-wrapper\">\n\t\t\t\t\t\t<span class=\"elementor-button-text\">Quero assinar a Mentoria Ana Otani com desconto<\/span>\n\t\t<\/span>\n\t\t\t\t\t<\/a>\n\t\t<\/div>\n\t\t\t\t<\/div>\n\t\t\t\t<\/div>\n\t\t\t\t<div class=\"elementor-element elementor-element-214d224c elementor-align-center elementor-widget elementor-widget-button\" data-id=\"214d224c\" data-element_type=\"widget\" data-widget_type=\"button.default\">\n\t\t\t\t<div class=\"elementor-widget-container\">\n\t\t\t\t\t<div class=\"elementor-button-wrapper\">\n\t\t\t<a class=\"elementor-button elementor-button-link elementor-size-sm elementor-animation-pulse\" href=\"https:\/\/anaotani.com.br\/index.php\/pagamento-pix\/\" target=\"_blank\">\n\t\t\t\t\t\t<span class=\"elementor-button-content-wrapper\">\n\t\t\t\t\t\t<span class=\"elementor-button-text\">Quero assinar no PIX <\/span>\n\t\t<\/span>\n\t\t\t\t\t<\/a>\n\t\t<\/div>\n\t\t\t\t<\/div>\n\t\t\t\t<\/div>\n\t\t\t\t\t<\/div>\n\t\t<\/div>\n\t\t\t\t\t<\/div>\n\t\t<\/section>\n\t\t\t\t<section class=\"elementor-section elementor-top-section elementor-element elementor-element-4b3a9621 elementor-section-boxed elementor-section-height-default elementor-section-height-default\" data-id=\"4b3a9621\" data-element_type=\"section\" data-settings=\"{&quot;background_background&quot;:&quot;classic&quot;}\">\n\t\t\t\t\t\t<div class=\"elementor-container elementor-column-gap-default\">\n\t\t\t\t\t<div class=\"elementor-column elementor-col-100 elementor-top-column elementor-element elementor-element-22ef55cf\" data-id=\"22ef55cf\" data-element_type=\"column\">\n\t\t\t<div class=\"elementor-widget-wrap elementor-element-populated\">\n\t\t\t\t\t\t<div class=\"elementor-element elementor-element-1bb43451 elementor-widget elementor-widget-html\" data-id=\"1bb43451\" data-element_type=\"widget\" data-widget_type=\"html.default\">\n\t\t\t\t<div class=\"elementor-widget-container\">\n\t\t\t<iframe allowfullscreen webkitallowfullscreen mozallowfullscreen width=\"640\" height=\"360\" src=\"https:\/\/fast.player.liquidplatform.com\/pApiv2\/embed\/d539452a47f2522ca948bf5e475bec2b\/987eb2feace244e93721b1441bb242f1\" scrolling=\"no\" frameborder=\"0\" allow=\"geolocation; microphone; camera; encrypted-media; midi\"><\/iframe>\t\t<\/div>\n\t\t\t\t<\/div>\n\t\t\t\t\t<\/div>\n\t\t<\/div>\n\t\t\t\t\t<\/div>\n\t\t<\/section>\n\t\t\t\t<section class=\"elementor-section elementor-top-section elementor-element elementor-element-5ca0d139 elementor-section-boxed elementor-section-height-default elementor-section-height-default\" data-id=\"5ca0d139\" data-element_type=\"section\" data-settings=\"{&quot;background_background&quot;:&quot;gradient&quot;}\">\n\t\t\t\t\t\t<div class=\"elementor-container elementor-column-gap-default\">\n\t\t\t\t\t<div class=\"elementor-column elementor-col-100 elementor-top-column elementor-element elementor-element-22eb14e7\" data-id=\"22eb14e7\" data-element_type=\"column\">\n\t\t\t<div class=\"elementor-widget-wrap elementor-element-populated\">\n\t\t\t\t\t\t<div class=\"elementor-element elementor-element-3b288df1 elementor-widget elementor-widget-heading\" data-id=\"3b288df1\" data-element_type=\"widget\" data-widget_type=\"heading.default\">\n\t\t\t\t<div class=\"elementor-widget-container\">\n\t\t\t<h2 class=\"elementor-heading-title elementor-size-default\">depoimentos<\/h2>\t\t<\/div>\n\t\t\t\t<\/div>\n\t\t\t\t\t<\/div>\n\t\t<\/div>\n\t\t\t\t\t<\/div>\n\t\t<\/section>\n\t\t\t\t<section class=\"elementor-section elementor-top-section elementor-element elementor-element-5385ffd8 elementor-section-boxed elementor-section-height-default elementor-section-height-default\" data-id=\"5385ffd8\" data-element_type=\"section\" data-settings=\"{&quot;background_background&quot;:&quot;classic&quot;}\">\n\t\t\t\t\t\t<div class=\"elementor-container elementor-column-gap-default\">\n\t\t\t\t\t<div class=\"elementor-column elementor-col-50 elementor-top-column elementor-element elementor-element-c747125\" data-id=\"c747125\" data-element_type=\"column\">\n\t\t\t<div class=\"elementor-widget-wrap elementor-element-populated\">\n\t\t\t\t\t\t<div class=\"elementor-element elementor-element-5e17e3c1 elementor-widget elementor-widget-image\" data-id=\"5e17e3c1\" data-element_type=\"widget\" data-widget_type=\"image.default\">\n\t\t\t\t<div class=\"elementor-widget-container\">\n\t\t\t\t\t\t\t\t\t\t\t\t\t<img decoding=\"async\" width=\"300\" height=\"300\" src=\"https:\/\/anaotani.com.br\/wp-content\/uploads\/2022\/08\/nanda.png\" class=\"attachment-large size-large wp-image-646\" alt=\"\" srcset=\"https:\/\/anaotani.com.br\/wp-content\/uploads\/2022\/08\/nanda.png 300w, https:\/\/anaotani.com.br\/wp-content\/uploads\/2022\/08\/nanda-150x150.png 150w\" sizes=\"(max-width: 300px) 100vw, 300px\" style=\"width:100%;height:100%;max-width:300px\" \/>\t\t\t\t\t\t\t\t\t\t\t\t\t<\/div>\n\t\t\t\t<\/div>\n\t\t\t\t<div class=\"elementor-element elementor-element-6e25ab09 elementor-widget elementor-widget-heading\" data-id=\"6e25ab09\" data-element_type=\"widget\" data-widget_type=\"heading.default\">\n\t\t\t\t<div class=\"elementor-widget-container\">\n\t\t\t<h2 class=\"elementor-heading-title elementor-size-default\">Fernanda Cassuriaga<\/h2>\t\t<\/div>\n\t\t\t\t<\/div>\n\t\t\t\t<div class=\"elementor-element elementor-element-5e9948e9 elementor-widget-divider--view-line elementor-widget elementor-widget-divider\" data-id=\"5e9948e9\" data-element_type=\"widget\" data-widget_type=\"divider.default\">\n\t\t\t\t<div class=\"elementor-widget-container\">\n\t\t\t\t\t<div class=\"elementor-divider\">\n\t\t\t<span class=\"elementor-divider-separator\">\n\t\t\t\t\t\t<\/span>\n\t\t<\/div>\n\t\t\t\t<\/div>\n\t\t\t\t<\/div>\n\t\t\t\t\t<\/div>\n\t\t<\/div>\n\t\t\t\t<div class=\"elementor-column elementor-col-50 elementor-top-column elementor-element elementor-element-3325a5ad\" data-id=\"3325a5ad\" data-element_type=\"column\">\n\t\t\t<div class=\"elementor-widget-wrap elementor-element-populated\">\n\t\t\t\t\t\t<div class=\"elementor-element elementor-element-18b47b7f elementor-widget elementor-widget-video\" data-id=\"18b47b7f\" data-element_type=\"widget\" data-settings=\"{&quot;youtube_url&quot;:&quot;https:\\\/\\\/www.youtube.com\\\/watch?v=ET4XKnKOiwY&quot;,&quot;video_type&quot;:&quot;youtube&quot;,&quot;controls&quot;:&quot;yes&quot;}\" data-widget_type=\"video.default\">\n\t\t\t\t<div class=\"elementor-widget-container\">\n\t\t\t\t\t<div class=\"elementor-wrapper elementor-open-inline\">\n\t\t\t<div class=\"elementor-video\"><\/div>\t\t<\/div>\n\t\t\t\t<\/div>\n\t\t\t\t<\/div>\n\t\t\t\t\t<\/div>\n\t\t<\/div>\n\t\t\t\t\t<\/div>\n\t\t<\/section>\n\t\t\t\t<section class=\"elementor-section elementor-top-section elementor-element elementor-element-5ed4df26 elementor-section-boxed elementor-section-height-default elementor-section-height-default\" data-id=\"5ed4df26\" data-element_type=\"section\" data-settings=\"{&quot;background_background&quot;:&quot;gradient&quot;}\">\n\t\t\t\t\t\t<div class=\"elementor-container elementor-column-gap-default\">\n\t\t\t\t\t<div class=\"elementor-column elementor-col-33 elementor-top-column elementor-element elementor-element-2c4e9d4c\" data-id=\"2c4e9d4c\" data-element_type=\"column\">\n\t\t\t<div class=\"elementor-widget-wrap elementor-element-populated\">\n\t\t\t\t\t\t<div class=\"elementor-element elementor-element-5da7c1f4 elementor-widget elementor-widget-image\" data-id=\"5da7c1f4\" data-element_type=\"widget\" data-widget_type=\"image.default\">\n\t\t\t\t<div class=\"elementor-widget-container\">\n\t\t\t\t\t\t\t\t\t\t\t\t\t<img loading=\"lazy\" decoding=\"async\" width=\"350\" height=\"350\" src=\"https:\/\/anaotani.com.br\/wp-content\/uploads\/2021\/04\/Japa1.png\" class=\"attachment-large size-large wp-image-127\" alt=\"\" srcset=\"https:\/\/anaotani.com.br\/wp-content\/uploads\/2021\/04\/Japa1.png 350w, https:\/\/anaotani.com.br\/wp-content\/uploads\/2021\/04\/Japa1-300x300.png 300w, https:\/\/anaotani.com.br\/wp-content\/uploads\/2021\/04\/Japa1-150x150.png 150w\" sizes=\"(max-width: 350px) 100vw, 350px\" style=\"width:100%;height:100%;max-width:350px\" \/>\t\t\t\t\t\t\t\t\t\t\t\t\t<\/div>\n\t\t\t\t<\/div>\n\t\t\t\t\t<\/div>\n\t\t<\/div>\n\t\t\t\t<div class=\"elementor-column elementor-col-66 elementor-top-column elementor-element elementor-element-32ef59cf\" data-id=\"32ef59cf\" data-element_type=\"column\">\n\t\t\t<div class=\"elementor-widget-wrap elementor-element-populated\">\n\t\t\t\t\t\t<div class=\"elementor-element elementor-element-15864143 elementor-widget elementor-widget-heading\" data-id=\"15864143\" data-element_type=\"widget\" data-widget_type=\"heading.default\">\n\t\t\t\t<div class=\"elementor-widget-container\">\n\t\t\t<h2 class=\"elementor-heading-title elementor-size-default\">Ana Otani<\/h2>\t\t<\/div>\n\t\t\t\t<\/div>\n\t\t\t\t<div class=\"elementor-element elementor-element-67151afc elementor-widget elementor-widget-text-editor\" data-id=\"67151afc\" data-element_type=\"widget\" data-widget_type=\"text-editor.default\">\n\t\t\t\t<div class=\"elementor-widget-container\">\n\t\t\t\t\t\t\t<p>Ana Otani \u00e9 empres\u00e1ria, influenciador e especialista em sexualidade e relacionamentos, seus redes sociais contam com mais de 1 milh\u00e3o de seguidores. Conhecida com a mais influente e tem anos de experi\u00eancia em educa\u00e7\u00e3o sexual para homens. Saiu em grandes ve\u00edculos nacionais como Uol, Correio Braziliense e Folha de S\u00e3o Paulo. Com toda essa bagagem Ana resolveu criar a maior escola de relacionamentos e sexualidade do Brasil. Tamb\u00e9m detentora de um networking invej\u00e1vel com homens e mulheres do meio art\u00edstico e empresarial. Saiba que voc\u00ea vai ganhar muito aprendendo com ela.<\/p>\t\t\t\t\t\t<\/div>\n\t\t\t\t<\/div>\n\t\t\t\t\t<\/div>\n\t\t<\/div>\n\t\t\t\t\t<\/div>\n\t\t<\/section>\n\t\t\t\t<\/div>\n\t\t","protected":false},"excerpt":{"rendered":"<p>Quero assinar a Mentoria Ana Otani Oi amor!! \u00a0 Na mentoria voc\u00ea ter\u00e1 um grupo de Whatsapp para tirar v\u00e1rias d\u00favidas em rela\u00e7\u00e3o a TUDO a qualquer momento!\u00a0 \u00a0 Veja a lista completa das v\u00eddeoaulas: Estrat\u00e9gia de marketing Posicionamento nas redes Como atrair cliente rico Como produzir conte\u00fado de qualidade Dicas de fotos e refer\u00eancias&hellip; <a class=\"more-link\" href=\"https:\/\/anaotani.com.br\/index.php\/mentoria-ana\/\">Continue reading <span class=\"screen-reader-text\">Mentoria<\/span><\/a><\/p>\n","protected":false},"author":1,"featured_media":0,"parent":0,"menu_order":0,"comment_status":"closed","ping_status":"closed","template":"elementor_canvas","meta":{"_monsterinsights_skip_tracking":false,"_monsterinsights_sitenote_active":false,"_monsterinsights_sitenote_note":"","_monsterinsights_sitenote_category":0,"footnotes":""},"class_list":["post-476","page","type-page","status-publish","hentry","entry"],"aioseo_notices":[],"_links":{"self":[{"href":"https:\/\/anaotani.com.br\/index.php\/wp-json\/wp\/v2\/pages\/476","targetHints":{"allow":["GET"]}}],"collection":[{"href":"https:\/\/anaotani.com.br\/index.php\/wp-json\/wp\/v2\/pages"}],"about":[{"href":"https:\/\/anaotani.com.br\/index.php\/wp-json\/wp\/v2\/types\/page"}],"author":[{"embeddable":true,"href":"https:\/\/anaotani.com.br\/index.php\/wp-json\/wp\/v2\/users\/1"}],"replies":[{"embeddable":true,"href":"https:\/\/anaotani.com.br\/index.php\/wp-json\/wp\/v2\/comments?post=476"}],"version-history":[{"count":47,"href":"https:\/\/anaotani.com.br\/index.php\/wp-json\/wp\/v2\/pages\/476\/revisions"}],"predecessor-version":[{"id":649,"href":"https:\/\/anaotani.com.br\/index.php\/wp-json\/wp\/v2\/pages\/476\/revisions\/649"}],"wp:attachment":[{"href":"https:\/\/anaotani.com.br\/index.php\/wp-json\/wp\/v2\/media?parent=476"}],"curies":[{"name":"wp","href":"https:\/\/api.w.org\/{rel}","templated":true}]}}